{"id":23,"date":"2011-04-01T07:55:34","date_gmt":"2011-04-01T12:55:34","guid":{"rendered":"http:\/\/s154858027.onlinehome.us\/Poterie\/?page_id=23"},"modified":"2025-02-08T13:03:25","modified_gmt":"2025-02-08T18:03:25","slug":"lartiste","status":"publish","type":"page","link":"https:\/\/poterie.lmserafin.com\/?page_id=23","title":{"rendered":"L&#8217;Artiste &#8211; The Artist"},"content":{"rendered":"<p><img loading=\"lazy\" decoding=\"async\" class=\"alignnone size-medium wp-image-1311 aligncenter\" src=\"https:\/\/poterie.lmserafin.com\/wp-content\/uploads\/2025\/02\/IMG_0560-209x300.jpeg\" alt=\"\" width=\"209\" height=\"300\" srcset=\"https:\/\/poterie.lmserafin.com\/wp-content\/uploads\/2025\/02\/IMG_0560-209x300.jpeg 209w, https:\/\/poterie.lmserafin.com\/wp-content\/uploads\/2025\/02\/IMG_0560-712x1024.jpeg 712w, https:\/\/poterie.lmserafin.com\/wp-content\/uploads\/2025\/02\/IMG_0560-768x1104.jpeg 768w, https:\/\/poterie.lmserafin.com\/wp-content\/uploads\/2025\/02\/IMG_0560-1068x1536.jpeg 1068w, https:\/\/poterie.lmserafin.com\/wp-content\/uploads\/2025\/02\/IMG_0560-1425x2048.jpeg 1425w, https:\/\/poterie.lmserafin.com\/wp-content\/uploads\/2025\/02\/IMG_0560-624x897.jpeg 624w, https:\/\/poterie.lmserafin.com\/wp-content\/uploads\/2025\/02\/IMG_0560-scaled.jpeg 1781w\" sizes=\"auto, (max-width: 209px) 100vw, 209px\" \/><\/p>\n<p><a href=\"#eng_bio\">(English below)<\/a><\/p>\n<p>C&#8217;est en 1987 que j&#8217;ai commenc\u00e9 \u00e0 explorer la c\u00e9ramique.\u00a0 Pendent deux ans j&#8217;ai \u00e9tudi\u00e9 les techniques de fabrication manuelle dans un atelier communautaire de la ville de Winnipeg.\u00a0 Apr\u00e8s cette courte introduction \u00e0 la poterie, ma carri\u00e8re musicale prend l&#8217;essentiel de mon temps et je mets la c\u00e9ramique de cot\u00e9.\u00a0 La musique avait toujours \u00e9t\u00e9 ma priorit\u00e9, mais \u00e0 travailler comme artiste ind\u00e9pendante pendant 25 ans je me suis retrouv\u00e9e plus souvent\u00a0 \u00e0 porter le chapeau de g\u00e9rant, d&#8217;agent ou de secr\u00e9taire que celui de l&#8217;artiste.\u00a0 \u00c7a m&#8217;a \u00e9puis\u00e9e.\u00a0 J&#8217;avais besoin de retrouver ma cr\u00e9ativit\u00e9.<\/p>\n<p>En 1998 j&#8217;ai eu l&#8217;occasion de refaire connaissance avec l&#8217;argile et sa boue lisse et fra\u00eeche m\u2019a fait du bien.\u00a0 J&#8217;ai donc poursuivi ce plaisir et en 1999 j&#8217;ai rencontr\u00e9 celui qui deviendra mon mentor, Kevin Kushnier.\u00a0 J&#8217;ai suivi ses cours puis lou\u00e9 de l&#8217;espace dans son studio et je suis finalement devenue son apprenti.\u00a0 Il m&#8217;a enseign\u00e9 la roue de potier, l&#8217;usage des fours \u00e0 gaz et \u00e9lectriques.\u00a0 Depuis l&#8217;an 2002 je suis poti\u00e8re \u00e0 plein temps et l&#8217;essentiel de ma production se veut utilitaire.<\/p>\n<p>Pr\u00e9sentement je fais des pi\u00e8ces tant mont\u00e9es \u00e0 la main que mont\u00e9es sur la roue de potier et tant pour un usage quotidien que pour l&#8217;embellissement de son espace.\u00a0 Je travaille le gr\u00e8s et la porcelaine et cuit la c\u00e9ramique dans un four \u00e9lectrique.\u00a0 Je suis tr\u00e8s influenc\u00e9e par la nature, utilisant herbes et coquilles pour cr\u00e9er des textures.<\/p>\n<p>Mon objectif est de cr\u00e9er beaut\u00e9 et caract\u00e8re dans chaque pi\u00e8ce que je sculpte.\u00a0 Joindre la beaut\u00e9 et l&#8217;utilitaire me permet de d\u00e9couvrir de nouvelles avenues d&#8217;expression.\u00a0 J&#8217;aime exp\u00e9rimenter avec les formes, les id\u00e9es et les gla\u00e7ures.\u00a0 Ces exp\u00e9rimentations sont la source de mon apprentissage continu et de ma cr\u00e9ativit\u00e9.<\/p>\n<p>LM<\/p>\n<p>&#8220;Au fil des ans j&#8217;ai eu la fortune de collectionner plusieurs pi\u00e8ces fabriqu\u00e9es par Lisa-Marie. Son art combine l&#8217;utilitaire cru et un flair artistique hautement inspir\u00e9.&#8221; Colin G., Winnipeg<\/p>\n<p><a name=\"eng_bio\"><\/a><\/p>\n<hr \/>\n<p>I began my journey as a potter in 1987 and studied hand-building techniques for 2 years at a City of Winnipeg recreation facility.\u00a0 After that brief introduction to pottery I drifted away from it when my career in music took over.\u00a0 Music was my first priority, but after working singer and songwriter for almost 25 years I became more focused on the business aspects of music rather than directing my energies towards the creative process of songwriting and\u00a0performing.<\/p>\n<p>In 1998 my path led me back to clay.\u00a0 I accidentally stubbed my toe on a bag of clay at a friend&#8217;s house and then asked if I could use some clay and make something. \u00a0Since that day I&#8217;ve noticed how nicely all things clay-related have fallen into my lap.<\/p>\n<p>In 1999 I met my clay mentor Kevin Kushnier at The Blue Door Clay Studio.\u00a0 I took his classes then rented space in his studio and after a short time became his apprentice.\u00a0 I received some intensive instruction on the potter\u2019s wheel and sat in as Kevin taught his classes. \u00a0I learned additional hand building techniques and was given instruction in many types of surface decoration.\u00a0 I learned how to fire both electric and gas kilns.<\/p>\n<p>Since 2002 when I became a full time studio potter I\u2019ve focused on functional pottery. \u00a0I make pieces that are both hand built and made on the potter&#8217;s wheel; that are both functional and sculptural; that can be used every day to create beautiful meals and beautiful surroundings.<\/p>\n<p>I work mainly in stoneware and sometimes porcelain and high fire in an electric kiln. \u00a0I\u2019m surrounded by nature and therefore I&#8217;m greatly influenced by it.\u00a0 I often incorporate nature&#8217;s\u00a0objects into my hand built work (leaves, seed pods and grasses) to achieve a variety of surface effects.<\/p>\n<p>My path in ceramics has been comparatively easy to that of music. \u00a0I&#8217;ve been given supplies in the way of dried up old blocks of clay (which can be easily reconstituted), raw glaze materials, tools and bags and pots of vintage glazes. \u00a0Lately it is those things that have influenced my work the most. \u00a0Since these things find their way to me I honour their presence in my studio by working with them and letting them lead me in the creation of my functional ware. \u00a0My goal is to create beauty and character in each individual piece.<\/p>\n<p>Something different touches each of us when we hold a bowl, cup or teapot.\u00a0 What you feel in each piece of pottery is the living earth that has been transformed by the potter\u2019s hands by what is in their heart and soul and their creative mind.<\/p>\n<p>LM<\/p>\n<p>&#8220;Over the years I&#8217;ve been fortunate enough to collect a number of Lisa-Marie&#8217;s pieces. \u00a0Her work combines raw functionality with an amazing level of artistic flair and inspiration.&#8221; ~ Colin G., Winnipeg.<\/p>\n","protected":false},"excerpt":{"rendered":"<p>(English below) C&#8217;est en 1987 que j&#8217;ai commenc\u00e9 \u00e0 explorer la c\u00e9ramique.\u00a0 Pendent deux ans j&#8217;ai \u00e9tudi\u00e9 les techniques de fabrication manuelle dans un atelier communautaire de la ville de Winnipeg.\u00a0 Apr\u00e8s cette courte introduction \u00e0 la poterie, ma carri\u00e8re musicale prend l&#8217;essentiel de mon temps et je mets la c\u00e9ramique de cot\u00e9.\u00a0 La musique [&hellip;]<\/p>\n","protected":false},"author":2,"featured_media":0,"parent":0,"menu_order":2,"comment_status":"closed","ping_status":"closed","template":"page-templates\/full-width.php","meta":{"footnotes":""},"class_list":["post-23","page","type-page","status-publish","hentry"],"_links":{"self":[{"href":"https:\/\/poterie.lmserafin.com\/index.php?rest_route=\/wp\/v2\/pages\/23","targetHints":{"allow":["GET"]}}],"collection":[{"href":"https:\/\/poterie.lmserafin.com\/index.php?rest_route=\/wp\/v2\/pages"}],"about":[{"href":"https:\/\/poterie.lmserafin.com\/index.php?rest_route=\/wp\/v2\/types\/page"}],"author":[{"embeddable":true,"href":"https:\/\/poterie.lmserafin.com\/index.php?rest_route=\/wp\/v2\/users\/2"}],"replies":[{"embeddable":true,"href":"https:\/\/poterie.lmserafin.com\/index.php?rest_route=%2Fwp%2Fv2%2Fcomments&post=23"}],"version-history":[{"count":30,"href":"https:\/\/poterie.lmserafin.com\/index.php?rest_route=\/wp\/v2\/pages\/23\/revisions"}],"predecessor-version":[{"id":1312,"href":"https:\/\/poterie.lmserafin.com\/index.php?rest_route=\/wp\/v2\/pages\/23\/revisions\/1312"}],"wp:attachment":[{"href":"https:\/\/poterie.lmserafin.com\/index.php?rest_route=%2Fwp%2Fv2%2Fmedia&parent=23"}],"curies":[{"name":"wp","href":"https:\/\/api.w.org\/{rel}","templated":true}]}}